{"id":3,"date":"2023-07-12T12:38:49","date_gmt":"2023-07-12T12:38:49","guid":{"rendered":"http:\/\/www.altaa.org\/?page_id=3"},"modified":"2023-07-12T12:38:49","modified_gmt":"2023-07-12T12:38:49","slug":"privacy-policy","status":"publish","type":"page","link":"https:\/\/www.altaa.org\/en\/privacy-policy\/","title":{"rendered":"Politique de confidentialit\u00e9"},"content":{"rendered":"\n<h2 class=\"wp-block-heading\">Responsable du traitement des donn\u00e9es<\/h2>\n\n\n\n<p>Altaa<\/p>\n\n\n\n<h2 class=\"wp-block-heading\">Donn\u00e9es personnelles collect\u00e9es<\/h2>\n\n\n\n<p><strong>ALTAA<\/strong> <strong>attache une importance particuli\u00e8re aux respects de la vie priv\u00e9e de ses utilisateurs.<\/strong><\/p>\n\n\n\n<p>Vous trouverez ci-dessous toutes les informations sur les donn\u00e9es collect\u00e9es et leurs traitements.<\/p>\n\n\n\n<h2 class=\"wp-block-heading\">Formulaire de contact<\/h2>\n\n\n\n<p>Le formulaire de contact collecte les informations suivantes&nbsp;:<\/p>\n\n\n\n<ul class=\"wp-block-list\">\n<li>Nom<\/li>\n\n\n\n<li>Pr\u00e9nom<\/li>\n\n\n\n<li>Organisation<\/li>\n\n\n\n<li>E-mail<\/li>\n\n\n\n<li>Message<\/li>\n<\/ul>\n\n\n\n<p><strong>Dur\u00e9e de stockage<\/strong><br>Ces donn\u00e9es sont stock\u00e9es de mani\u00e8res non limit\u00e9es dans le temps.<\/p>\n\n\n\n<p><strong>Acteurs du traitement<\/strong><br>Ces donn\u00e9es sont accessibles aux personnels de l&#8217;entreprise.<br>&nbsp;<br><strong>Objet du traitement<\/strong><br>Ces donn\u00e9es sont collect\u00e9es dans le but de pouvoir vous recontacter.<\/p>\n\n\n\n<p><strong>L\u00e9galit\u00e9 de la collecte<\/strong><br>La soumission du formulaire de contact est soumise \u00e0 l\u2019acceptation de la pr\u00e9sente politique de confidentialit\u00e9.<\/p>\n\n\n\n<h2 class=\"wp-block-heading\">O\u00f9 sont h\u00e9berg\u00e9es les donn\u00e9es&nbsp;?<\/h2>\n\n\n\n<p>Vos donn\u00e9es personnelles sont enregistr\u00e9es sur des <strong>serveurs s\u00e9curis\u00e9s en France<\/strong>.<\/p>\n\n\n\n<p>Tous les serveurs (production et sauvegarde) sont mis \u00e0 disposition par <strong>Datacampus <\/strong>et g\u00e9r\u00e9s par <strong>La Coop\u00e9rative des Internets<\/strong>.<br>Toutes deux sont des structures ind\u00e9pendantes et \u00e0 taille humaine, profond\u00e9ment engag\u00e9es dans le respect de la vie priv\u00e9e des utilisateurs.<\/p>\n\n\n\n<h2 class=\"wp-block-heading\">Droit \u00e0 la suppression des donn\u00e9es<\/h2>\n\n\n\n<p>Vous disposez d\u2019un droit d\u2019acc\u00e8s, de rectification, de modification et de suppression concernant les donn\u00e9es qui vous concerne.<\/p>\n\n\n\n<p><strong>Ce droit peut \u00eatre exerc\u00e9 par un simple courrier \u00e9lectronique&nbsp;: contact@altaa.fr.<\/strong><\/p>\n\n\n\n<p>Selon la r\u00e9glementation, ALTAA dispose d\u2019un mois pour supprimer les donn\u00e9es mais nous ferons notre possible pour r\u00e9duire ce d\u00e9lai.<\/p>\n\n\n\n<h2 class=\"wp-block-heading\">Utilisation des cookies<\/h2>\n\n\n\n<p>Les cookies utilis\u00e9s sur ALTAA sont des cookies techniques indispensables. Ils ne contiennent aucune donn\u00e9e personnelle.<\/p>\n\n\n\n<p><strong>WordPress<\/strong><\/p>\n\n\n\n<p>WordPress est un CMS libre et open-source. Il a recours \u00e0 des cookies uniquement au sein de l\u2019espace d\u2019administration et dans ces cas pr\u00e9cis :<\/p>\n\n\n\n<ul class=\"wp-block-list\">\n<li>D\u00e9pot d\u2019un cookie temporaire pour savoir si le navigateur accepte les cookies. (pas de r\u00e9tention)<\/li>\n\n\n\n<li>Enregistrement les pr\u00e9f\u00e9rences de connexions (2 jours ou 2 semaines si \u00ab&nbsp;se souvenir de mois&nbsp;\u00bb coch\u00e9)<\/li>\n\n\n\n<li>Enregistrement des pr\u00e9f\u00e9rences d\u2019affichage de l\u2019espace d\u2019administration (1 an).<\/li>\n\n\n\n<li>\u00c9dition ou publication d\u2019un post (1 an)<\/li>\n<\/ul>\n\n\n\n<h2 class=\"wp-block-heading\">Suis-je suivi personnellement sur le site ?<\/h2>\n\n\n\n<p>Non, notre logiciel de mesure de statistiques prot\u00e8ge votre vie priv\u00e9e et vos donn\u00e9es. Votre navigation n\u2019est pas suivie individuellement.<\/p>\n\n\n\n<p>L\u2019instance Plausible utilis\u00e9e est h\u00e9berg\u00e9e par La Coop\u00e9rative des Internets sur un serveur en France. Elle est accessible exclusivement au responsable de publication du site ainsi qu\u2019au personnel de la La Coop\u00e9rative des Internets \u00e0 des fins techniques.<\/p>\n","protected":false},"excerpt":{"rendered":"<p>Responsable du traitement des donn\u00e9es Altaa Donn\u00e9es personnelles collect\u00e9es ALTAA attache une importance particuli\u00e8re aux respects de la vie priv\u00e9e de ses utilisateurs. Vous trouverez ci-dessous toutes les informations sur les donn\u00e9es collect\u00e9es et leurs traitements. Formulaire de contact Le formulaire de contact collecte les informations suivantes&nbsp;: Dur\u00e9e de stockageCes donn\u00e9es sont stock\u00e9es de mani\u00e8res [&hellip;]<\/p>\n","protected":false},"author":1,"featured_media":0,"parent":0,"menu_order":0,"comment_status":"closed","ping_status":"open","template":"","meta":{"_acf_changed":false,"footnotes":""},"class_list":["post-3","page","type-page","status-publish","hentry"],"acf":[],"_links":{"self":[{"href":"https:\/\/www.altaa.org\/en\/wp-json\/wp\/v2\/pages\/3","targetHints":{"allow":["GET"]}}],"collection":[{"href":"https:\/\/www.altaa.org\/en\/wp-json\/wp\/v2\/pages"}],"about":[{"href":"https:\/\/www.altaa.org\/en\/wp-json\/wp\/v2\/types\/page"}],"author":[{"embeddable":true,"href":"https:\/\/www.altaa.org\/en\/wp-json\/wp\/v2\/users\/1"}],"replies":[{"embeddable":true,"href":"https:\/\/www.altaa.org\/en\/wp-json\/wp\/v2\/comments?post=3"}],"version-history":[{"count":0,"href":"https:\/\/www.altaa.org\/en\/wp-json\/wp\/v2\/pages\/3\/revisions"}],"wp:attachment":[{"href":"https:\/\/www.altaa.org\/en\/wp-json\/wp\/v2\/media?parent=3"}],"curies":[{"name":"wp","href":"https:\/\/api.w.org\/{rel}","templated":true}]}}