{"id":370,"date":"2023-08-23T14:49:10","date_gmt":"2023-08-23T14:49:10","guid":{"rendered":"https:\/\/www.altaa.org\/?page_id=370"},"modified":"2023-08-23T14:49:10","modified_gmt":"2023-08-23T14:49:10","slug":"mentions-legales","status":"publish","type":"page","link":"https:\/\/www.altaa.org\/en\/mentions-legales\/","title":{"rendered":"Mentions l\u00e9gales"},"content":{"rendered":"\n<h2 class=\"wp-block-heading\"><strong>\u00c9diteur<\/strong><\/h2>\n\n\n\n<p><strong>Solagro<\/strong><\/p>\n\n\n\n<p>75 voie du TOEC<\/p>\n\n\n\n<p>CS 27608<\/p>\n\n\n\n<p>31076 Toulouse Cedex 3 <\/p>\n\n\n\n<p>Tel : 05 67 69 69 69 <\/p>\n\n\n\n<p>Email : solagro@solagro.asso.fr<\/p>\n\n\n\n<h2 class=\"wp-block-heading\"><strong>Responsable de la publication<\/strong><\/h2>\n\n\n\n<p> Claire Dumas, Pr\u00e9sidente de Solagro<\/p>\n\n\n\n<h2 class=\"wp-block-heading\"><strong>Responsable des donn\u00e9es<\/strong><\/h2>\n\n\n\n<p>Laure Trillat, d\u00e9l\u00e9gu\u00e9e \u00e0 la protection des donn\u00e9es \u00e0 Solagro<\/p>\n\n\n\n<h2 class=\"wp-block-heading\"><strong>Conditions d\u2019utilisations<\/strong><\/h2>\n\n\n\n<p>Le site accessible par l\u2019url altaa.org, est exploit\u00e9 dans le respect de la l\u00e9gislation fran\u00e7aise. L\u2019utilisation de ce site est r\u00e9gie par les pr\u00e9sentes conditions g\u00e9n\u00e9rales. En utilisant le site, vous reconnaissez avoir pris connaissance de ces conditions et les avoir accept\u00e9es. Celles-ci pourront \u00eatre modifi\u00e9es \u00e0 tout moment et sans pr\u00e9avis. ALTAA ne saurait \u00eatre tenue pour responsable en aucune mani\u00e8re d\u2019une mauvaise utilisation du service.<\/p>\n\n\n\n<h2 class=\"wp-block-heading\"><strong>Limitation de responsabilit\u00e9<\/strong><\/h2>\n\n\n\n<p>Les informations contenues sur ce site sont aussi pr\u00e9cises que possibles et le site est p\u00e9riodiquement remis \u00e0 jour, mais peut toutefois contenir des inexactitudes, des omissions ou des lacunes. Si vous constatez une lacune, erreur ou ce qui parait \u00eatre un dysfonctionnement, merci de bien vouloir le signaler par email en d\u00e9crivant le probl\u00e8me de la mani\u00e8re la plus pr\u00e9cise possible (page posant probl\u00e8me, action d\u00e9clenchante, type d\u2019ordinateur et de navigateur utilis\u00e9, etc.).<\/p>\n\n\n\n<p><br>&nbsp;Tout contenu t\u00e9l\u00e9charg\u00e9 se fait aux risques et p\u00e9rils de l\u2019utilisateur et sous sa seule responsabilit\u00e9. En cons\u00e9quence, ALTAA ne saurait \u00eatre tenu responsable d\u2019un quelconque dommage subi par l\u2019ordinateur de l\u2019utilisateur ou d\u2019une quelconque perte de donn\u00e9es cons\u00e9cutives au t\u00e9l\u00e9chargement.<\/p>\n\n\n\n<h2 class=\"wp-block-heading\"><strong>Litiges<\/strong><\/h2>\n\n\n\n<p>Les pr\u00e9sentes conditions sont r\u00e9gies par les lois fran\u00e7aises et toute contestation ou litiges qui pourraient na\u00eetre de l\u2019interpr\u00e9tation ou de l\u2019ex\u00e9cution de celles-ci seront de la comp\u00e9tence exclusive des tribunaux dont d\u00e9pend le si\u00e8ge social de ALTAA. La langue de r\u00e9f\u00e9rence, pour le r\u00e8glement de contentieux \u00e9ventuels, est le fran\u00e7ais.<\/p>\n\n\n\n<h2 class=\"wp-block-heading\"><strong>Propri\u00e9t\u00e9 intellectuelle<\/strong><\/h2>\n\n\n\n<p>Tout le contenu du pr\u00e9sent site, incluant, de fa\u00e7on non limitative, les graphismes, images, textes, vid\u00e9os, animations, sons, logos, gifs et ic\u00f4nes ainsi que leur mise en forme sont la propri\u00e9t\u00e9 exclusive de ALTAA \u00e0 l\u2019exception des marques, logos ou contenus appartenant \u00e0 d\u2019autres soci\u00e9t\u00e9s partenaires ou auteurs.<\/p>\n\n\n\n<p>Toute reproduction, distribution, modification, adaptation, retransmission ou publication, m\u00eame partielle, de ces diff\u00e9rents \u00e9l\u00e9ments est strictement interdite sans l\u2019accord expr\u00e8s par \u00e9crit de ALTAA. Cette repr\u00e9sentation ou reproduction, par quelque proc\u00e9d\u00e9 que ce soit, constitue une contrefa\u00e7on sanctionn\u00e9e par les articles L.3335-2 et suivants du Code de la propri\u00e9t\u00e9 intellectuelle. Le non-respect de cette interdiction constitue une contrefa\u00e7on pouvant engager la responsabilit\u00e9 civile et p\u00e9nale du contrefacteur.<\/p>\n\n\n\n<p>En outre, les propri\u00e9taires des contenus copi\u00e9s pourraient intenter une action en justice \u00e0 votre encontre. ALTAA est identiquement propri\u00e9taire des \u00ab droits des producteurs de bases de donn\u00e9es \u00bb vis\u00e9s au Livre III, Titre IV, du Code de la Propri\u00e9t\u00e9 Intellectuelle (loi n\u00b0 98-536 du 1er juillet 1998) relative aux droits d\u2019auteur et aux bases de donn\u00e9es.<\/p>\n\n\n\n<p>Les utilisateurs et visiteurs du site internet peuvent mettre en place un hyperlien en direction de ce site, mais uniquement en direction de la page d\u2019accueil, accessible \u00e0 l\u2019URL suivante : altaa.org, \u00e0 condition que ce lien s\u2019ouvre dans une nouvelle fen\u00eatre. En particulier un lien vers une sous page (\u00ab lien profond \u00bb) est interdit, ainsi que l\u2019ouverture du pr\u00e9sent site au sein d\u2019un cadre (\u00ab framing \u00bb), sauf l\u2019autorisation expresse et pr\u00e9alable de ALTAA.<\/p>\n\n\n\n<p>Pour toute demande d\u2019autorisation ou d\u2019information, veuillez nous contacter par email : contact@altaa.org. Des conditions sp\u00e9cifiques sont pr\u00e9vues pour la presse. Par ailleurs, la mise en forme de ce site a n\u00e9cessit\u00e9 le recours \u00e0 des sources externes dont nous avons acquis les droits ou dont les droits d\u2019utilisation sont ouverts : Concept \/ sp\u00e9cifications techniques et fonctionnelles \/ design \/ maquettage \/ partenariat communication : La Coop\u00e9rative des Internets.<\/p>\n\n\n\n<h2 class=\"wp-block-heading\"><strong>Conditions de services<\/strong><\/h2>\n\n\n\n<p>Ce site est propos\u00e9 en langages HTML, PHP, CSS, Javascript, pour un meilleur confort d\u2019utilisation et un graphisme plus agr\u00e9able, nous vous recommandons de recourir \u00e0 des navigateurs modernes comme Firefox, Safari, Chrome, etc.<\/p>\n\n\n\n<h2 class=\"wp-block-heading\"><strong>Liens hypertextes<\/strong><\/h2>\n\n\n\n<p>Les sites internet de ALTAA peuvent offrir des liens vers d\u2019autres sites internet ou d\u2019autres ressources disponibles sur Internet.<\/p>\n\n\n\n<p>ALTAA ne dispose d\u2019aucun moyen pour contr\u00f4ler les sites en connexion avec ses sites internet.<\/p>\n\n\n\n<p>ALTAA ne r\u00e9pond pas de la disponibilit\u00e9 de tels sites et sources externes, ni ne la garantit.<\/p>\n\n\n\n<p>Elle ne peut \u00eatre tenue pour responsable de tout dommage, de quelque nature que ce soit, r\u00e9sultant du contenu de ces sites ou sources externes, et notamment des informations, produits ou services qu\u2019ils proposent, ou de tout usage qui peut \u00eatre fait de ces \u00e9l\u00e9ments. Les risques li\u00e9s \u00e0 cette utilisation incombent pleinement \u00e0 l\u2019internaute, qui doit se conformer \u00e0 leurs conditions d\u2019utilisation. Les utilisateurs, les abonn\u00e9s et les visiteurs des sites internet de ALTAA ne peuvent mettre en place un hyperlien en direction de ce site sans l\u2019autorisation expresse et pr\u00e9alable de ALTAA.<\/p>\n\n\n\n<p>Dans l\u2019hypoth\u00e8se o\u00f9 un utilisateur ou visiteur souhaiterait mettre en place un hyperlien en direction d\u2019un des sites internet de ALTAA, il lui appartiendra d\u2019adresser un email accessible sur le site afin de formuler sa demande de mise en place d\u2019un hyperlien. ALTAA se r\u00e9serve le droit d\u2019accepter ou de refuser un hyperlien sans avoir \u00e0 en justifier sa d\u00e9cision.<\/p>\n\n\n\n<h2 class=\"wp-block-heading\"><strong>Conception et r\u00e9alisation site web<\/strong><\/h2>\n\n\n\n<p><strong>La Coop\u00e9rative des Internets<br><\/strong>10 bis rue Jangot<br>69007 LYON<br>04 28 29 73 12<br><a href=\"mailto:contact@lacooperativedesinternets.fr\"><u>contact@lacooperativedesinternets.fr<\/u><\/a><br><a href=\"http:\/\/www.lacooperativedesinternets.fr\/\"><u>www.lacooperativedesinternets.fr<\/u><\/a><\/p>\n\n\n\n<h2 class=\"wp-block-heading\"><strong>H\u00e9bergement<\/strong><\/h2>\n\n\n\n<p><strong>La Coop\u00e9rative des Internets<br><\/strong>10 bis rue Jangot<br>69007 LYON<br>04 28 29 73 12<br><a href=\"mailto:contact@lacooperativedesinternets.fr\"><u>contact@lacooperativedesinternets.fr<\/u><\/a><br><a href=\"http:\/\/www.lacooperativedesinternets.fr\/\"><u>www.lacooperativedesinternets.fr<\/u><\/a><\/p>\n","protected":false},"excerpt":{"rendered":"<p>\u00c9diteur Solagro 75 voie du TOEC CS 27608 31076 Toulouse Cedex 3 Tel : 05 67 69 69 69 Email : solagro@solagro.asso.fr Responsable de la publication Claire Dumas, Pr\u00e9sidente de Solagro Responsable des donn\u00e9es Laure Trillat, d\u00e9l\u00e9gu\u00e9e \u00e0 la protection des donn\u00e9es \u00e0 Solagro Conditions d\u2019utilisations Le site accessible par l\u2019url altaa.org, est exploit\u00e9 dans [&hellip;]<\/p>\n","protected":false},"author":1,"featured_media":0,"parent":0,"menu_order":0,"comment_status":"closed","ping_status":"closed","template":"","meta":{"_acf_changed":false,"footnotes":""},"class_list":["post-370","page","type-page","status-publish","hentry"],"acf":[],"_links":{"self":[{"href":"https:\/\/www.altaa.org\/en\/wp-json\/wp\/v2\/pages\/370","targetHints":{"allow":["GET"]}}],"collection":[{"href":"https:\/\/www.altaa.org\/en\/wp-json\/wp\/v2\/pages"}],"about":[{"href":"https:\/\/www.altaa.org\/en\/wp-json\/wp\/v2\/types\/page"}],"author":[{"embeddable":true,"href":"https:\/\/www.altaa.org\/en\/wp-json\/wp\/v2\/users\/1"}],"replies":[{"embeddable":true,"href":"https:\/\/www.altaa.org\/en\/wp-json\/wp\/v2\/comments?post=370"}],"version-history":[{"count":0,"href":"https:\/\/www.altaa.org\/en\/wp-json\/wp\/v2\/pages\/370\/revisions"}],"wp:attachment":[{"href":"https:\/\/www.altaa.org\/en\/wp-json\/wp\/v2\/media?parent=370"}],"curies":[{"name":"wp","href":"https:\/\/api.w.org\/{rel}","templated":true}]}}